{"id":3269,"date":"2022-01-28T09:52:06","date_gmt":"2022-01-28T08:52:06","guid":{"rendered":"https:\/\/shotshotshot.com\/produktvideo\/"},"modified":"2022-09-08T17:45:58","modified_gmt":"2022-09-08T15:45:58","slug":"video-prodotto","status":"publish","type":"page","link":"https:\/\/shotshotshot.com\/it\/video-prodotto\/","title":{"rendered":"Video di presentazione del prodotto"},"content":{"rendered":"\n<p class=\"has-text-align-center\">Secondo le statistiche di Youtube, i video unboxing sono i filmati di maggior successo in assoluto. I potenziali clienti esaminano a fondo quello che&nbsp;intendono acquistare. Lo scopo principale di un video di prodotto \u00e8 di mettere il prodotto sotto la giusta luce: misterioso e fresco, o alla moda e allegro &#8211; ogni prodotto vive di una luce propria che va fatta risaltare!&nbsp;Inoltre, un prodotto \u00e8 anche definito dalla sua unicit\u00e0 e dalla sua funzione, ed entrambi queste peculiarit\u00e0 vanno narrate in una coerente ed efficace presentazione visiva. Perch\u00e9 alla fine conta solo una cosa: suscitare interesse.<\/p>\n\n\n\n<div style=\"height:50px\" aria-hidden=\"true\" class=\"wp-block-spacer\"><\/div>\n\n\n<section class=\"video-still-wrap film-item white-section-bg gallery\"><div class=\"video-container\"><div class=\"video-still\" style=\"background-image: url(https:\/\/shotshotshot.com\/wp-content\/uploads\/2022\/01\/2200_Reel-Produktvideo.png);\"><div class=\"video-play-btn\" data-video-source=\"https:\/\/movies.shotshotshot.com\/2200_Reel Produktvideo_HQ.mp4\"><i class=\"material-icons\">play_arrow<\/i><\/div><div class=\"video-wrap\"><div class=\"close-video\"><i class=\"material-icons\">clear<\/i><\/div><video class=\"video-js vjs-default-skin\" \/><\/div><\/div><\/div><\/section>\n\n\n\n<div style=\"height:100px\" aria-hidden=\"true\" class=\"wp-block-spacer\"><\/div>\n\n\n\n<h3 class=\"has-text-align-center wp-block-heading\">Shot Shot Shot produce video di prodotti per le seguenti aziende:<\/h3>\n\n\n\n<div style=\"height:20px\" aria-hidden=\"true\" class=\"wp-block-spacer\"><\/div>\n\n\n\n<p class=\"has-text-align-center\"><a href=\"https:\/\/shotshotshot.com\/it\/archiv\/#1846\" title=\"Video di presentazione del prodotto di Nuki\"><strong>Nuki<\/strong> \u2013 Nuki 2.0 Spot<\/a> \u2013 00:04 \/ 00:06 \/ 00:08<br><a href=\"https:\/\/shotshotshot.com\/it\/archiv\/#1834\" title=\"Video di presentazione del prodotto di ams\"><strong>ams<\/strong> \u2013 Automotive<\/a> \u2013 00:05 \/ 00:23<br><a href=\"https:\/\/shotshotshot.com\/it\/archiv\/#1965\" title=\"Video di presentazione del prodotto di ams\"><strong>ams <\/strong>\u2013 Digital Augmented Hearing<\/a> \u2013 00:07 \/ 00:18<br><a href=\"https:\/\/shotshotshot.com\/it\/archiv\/#1841\" title=\"Video di presentazione del prodotto di Logicdata\"><strong>Logicdata <\/strong>\u2013 Silver Standard<\/a> &#8211; 00:10<br><a href=\"https:\/\/shotshotshot.com\/it\/archiv\/#1950\" title=\"Video di presentazione del prodotto di Quismo\"><strong>Quismo<\/strong> \u2013 Quit Smoking<\/a> \u2013 00:11<br><a href=\"https:\/\/shotshotshot.com\/it\/archiv\/#1851\" title=\"Video di presentazione del prodotto di Coinfinity\"><strong>Coinfinity <\/strong>\u2013 Bitcoin Card Wallet<\/a> \u2013 00:12 \/ 00:28<br><a href=\"https:\/\/shotshotshot.com\/it\/archiv\/#1925\" title=\"Video di presentazione del prodotto di Logicdata\"><strong>Logicdata <\/strong>\u2013 LOGIClink<\/a> \u2013 00:13<br><a href=\"https:\/\/shotshotshot.com\/it\/archiv\/#2033\" title=\"Video di presentazione del prodotto di AT&amp;S\"><strong>AT&amp;S<\/strong> \u2013 ECP<\/a> \u2013 00:15<br><a href=\"https:\/\/shotshotshot.com\/it\/archiv\/#2153\" title=\"Video di presentazione del prodotto di Luke Roberts Lighting\"><strong>Luke Roberts Lighting<\/strong> \u2013 Smart Lamp<\/a> \u2013 00:20<br><a href=\"https:\/\/shotshotshot.com\/it\/archiv\/#1667\" title=\"Video di presentazione del prodotto di ams\"><strong>ams <\/strong>\u2013 Robots that come to life<\/a> \u2013 00:21<br><a href=\"https:\/\/shotshotshot.com\/it\/archiv\/#1909\" title=\"Video di presentazione del prodotto di Logicdata\"><strong>Logicdata <\/strong>\u2013 Dynamic Motion System<\/a> \u2013 00:23<br><a href=\"https:\/\/shotshotshot.com\/it\/archiv\/#2070\" title=\"Video di presentazione del prodotto di XAL\"><strong>XAL<\/strong> \u2013 Jane<\/a> \u2013 00:26<\/p>\n\n\n\n<div style=\"height:150px\" aria-hidden=\"true\" class=\"wp-block-spacer\"><\/div>\n\n\n\n<p><\/p>\n","protected":false},"excerpt":{"rendered":"<p>Secondo le statistiche di Youtube, i video unboxing sono i filmati di maggior successo in assoluto. I potenziali clienti esaminano a fondo quello che&nbsp;intendono acquistare. Lo scopo principale di un video di prodotto \u00e8 di mettere il prodotto sotto la giusta luce: misterioso e fresco, o alla moda e allegro &#8211; ogni prodotto vive di &hellip; <a href=\"https:\/\/shotshotshot.com\/it\/video-prodotto\/\">Continued<\/a><\/p>\n","protected":false},"author":6,"featured_media":0,"parent":0,"menu_order":0,"comment_status":"closed","ping_status":"closed","template":"template-leistungen.php","meta":{"_acf_changed":false,"footnotes":""},"class_list":["post-3269","page","type-page","status-publish","hentry"],"acf":[],"yoast_head":"<!-- This site is optimized with the Yoast SEO plugin v27.0 - https:\/\/yoast.com\/product\/yoast-seo-wordpress\/ -->\n<title>Video prodotto - Shot Shot Shot film pubblicitari<\/title>\n<meta name=\"description\" content=\"Misterioso e fresco, o alla moda e allegro - la video presentazione di un prodotto con Shot Shot Shot fa risaltare la sua unicit\u00e0.\" \/>\n<meta name=\"robots\" content=\"index, follow, max-snippet:-1, max-image-preview:large, max-video-preview:-1\" \/>\n<link rel=\"canonical\" href=\"https:\/\/shotshotshot.com\/it\/video-prodotto\/\" \/>\n<meta property=\"og:locale\" content=\"it_IT\" \/>\n<meta property=\"og:type\" content=\"article\" \/>\n<meta property=\"og:title\" content=\"Video prodotto - Shot Shot Shot film pubblicitari\" \/>\n<meta property=\"og:description\" content=\"Misterioso e fresco, o alla moda e allegro - la video presentazione di un prodotto con Shot Shot Shot fa risaltare la sua unicit\u00e0.\" \/>\n<meta property=\"og:url\" content=\"https:\/\/shotshotshot.com\/it\/video-prodotto\/\" \/>\n<meta property=\"og:site_name\" content=\"Shot Shot Shot film pubblicitari\" \/>\n<meta property=\"article:publisher\" content=\"https:\/\/www.facebook.com\/ohShotShotShot\" \/>\n<meta property=\"article:modified_time\" content=\"2022-09-08T15:45:58+00:00\" \/>\n<meta property=\"og:image\" content=\"https:\/\/shotshotshot.com\/wp-content\/uploads\/2022\/05\/Logo-Shot-Shot-Shot-Filmproduktion-fuer-Werbefilm-aus-Graz-Steiermark.png\" \/>\n\t<meta property=\"og:image:width\" content=\"960\" \/>\n\t<meta property=\"og:image:height\" content=\"960\" \/>\n\t<meta property=\"og:image:type\" content=\"image\/png\" \/>\n<meta name=\"twitter:card\" content=\"summary_large_image\" \/>\n<meta name=\"twitter:label1\" content=\"Tempo di lettura stimato\" \/>\n\t<meta name=\"twitter:data1\" content=\"1 minuto\" \/>\n<script type=\"application\/ld+json\" class=\"yoast-schema-graph\">{\"@context\":\"https:\/\/schema.org\",\"@graph\":[{\"@type\":\"WebPage\",\"@id\":\"https:\/\/shotshotshot.com\/it\/video-prodotto\/\",\"url\":\"https:\/\/shotshotshot.com\/it\/video-prodotto\/\",\"name\":\"Video prodotto - Shot Shot Shot film pubblicitari\",\"isPartOf\":{\"@id\":\"https:\/\/shotshotshot.com\/#website\"},\"datePublished\":\"2022-01-28T08:52:06+00:00\",\"dateModified\":\"2022-09-08T15:45:58+00:00\",\"description\":\"Misterioso e fresco, o alla moda e allegro - la video presentazione di un prodotto con Shot Shot Shot fa risaltare la sua unicit\u00e0.\",\"breadcrumb\":{\"@id\":\"https:\/\/shotshotshot.com\/it\/video-prodotto\/#breadcrumb\"},\"inLanguage\":\"it-IT\",\"potentialAction\":[{\"@type\":\"ReadAction\",\"target\":[\"https:\/\/shotshotshot.com\/it\/video-prodotto\/\"]}]},{\"@type\":\"BreadcrumbList\",\"@id\":\"https:\/\/shotshotshot.com\/it\/video-prodotto\/#breadcrumb\",\"itemListElement\":[{\"@type\":\"ListItem\",\"position\":1,\"name\":\"Startseite\",\"item\":\"https:\/\/shotshotshot.com\/it\/\"},{\"@type\":\"ListItem\",\"position\":2,\"name\":\"Video di presentazione del prodotto\"}]},{\"@type\":\"WebSite\",\"@id\":\"https:\/\/shotshotshot.com\/#website\",\"url\":\"https:\/\/shotshotshot.com\/\",\"name\":\"Shot Shot Shot film pubblicitari\",\"description\":\"La pubblicit\u00e0 (s)muove!\",\"publisher\":{\"@id\":\"https:\/\/shotshotshot.com\/#organization\"},\"potentialAction\":[{\"@type\":\"SearchAction\",\"target\":{\"@type\":\"EntryPoint\",\"urlTemplate\":\"https:\/\/shotshotshot.com\/?s={search_term_string}\"},\"query-input\":{\"@type\":\"PropertyValueSpecification\",\"valueRequired\":true,\"valueName\":\"search_term_string\"}}],\"inLanguage\":\"it-IT\"},{\"@type\":\"Organization\",\"@id\":\"https:\/\/shotshotshot.com\/#organization\",\"name\":\"Shot Shot Shot Filmproduktion f\u00fcr Werbefilm aus Graz, Steiermark\",\"url\":\"https:\/\/shotshotshot.com\/\",\"logo\":{\"@type\":\"ImageObject\",\"inLanguage\":\"it-IT\",\"@id\":\"https:\/\/shotshotshot.com\/#\/schema\/logo\/image\/\",\"url\":\"https:\/\/shotshotshot.com\/wp-content\/uploads\/2022\/05\/Logo-Shot-Shot-Shot-Filmproduktion-fuer-Werbefilm-aus-Graz-Steiermark.png\",\"contentUrl\":\"https:\/\/shotshotshot.com\/wp-content\/uploads\/2022\/05\/Logo-Shot-Shot-Shot-Filmproduktion-fuer-Werbefilm-aus-Graz-Steiermark.png\",\"width\":960,\"height\":960,\"caption\":\"Shot Shot Shot Filmproduktion f\u00fcr Werbefilm aus Graz, Steiermark\"},\"image\":{\"@id\":\"https:\/\/shotshotshot.com\/#\/schema\/logo\/image\/\"},\"sameAs\":[\"https:\/\/www.facebook.com\/ohShotShotShot\"]}]}<\/script>\n<!-- \/ Yoast SEO plugin. -->","yoast_head_json":{"title":"Video prodotto - Shot Shot Shot film pubblicitari","description":"Misterioso e fresco, o alla moda e allegro - la video presentazione di un prodotto con Shot Shot Shot fa risaltare la sua unicit\u00e0.","robots":{"index":"index","follow":"follow","max-snippet":"max-snippet:-1","max-image-preview":"max-image-preview:large","max-video-preview":"max-video-preview:-1"},"canonical":"https:\/\/shotshotshot.com\/it\/video-prodotto\/","og_locale":"it_IT","og_type":"article","og_title":"Video prodotto - Shot Shot Shot film pubblicitari","og_description":"Misterioso e fresco, o alla moda e allegro - la video presentazione di un prodotto con Shot Shot Shot fa risaltare la sua unicit\u00e0.","og_url":"https:\/\/shotshotshot.com\/it\/video-prodotto\/","og_site_name":"Shot Shot Shot film pubblicitari","article_publisher":"https:\/\/www.facebook.com\/ohShotShotShot","article_modified_time":"2022-09-08T15:45:58+00:00","og_image":[{"width":960,"height":960,"url":"https:\/\/shotshotshot.com\/wp-content\/uploads\/2022\/05\/Logo-Shot-Shot-Shot-Filmproduktion-fuer-Werbefilm-aus-Graz-Steiermark.png","type":"image\/png"}],"twitter_card":"summary_large_image","twitter_misc":{"Tempo di lettura stimato":"1 minuto"},"schema":{"@context":"https:\/\/schema.org","@graph":[{"@type":"WebPage","@id":"https:\/\/shotshotshot.com\/it\/video-prodotto\/","url":"https:\/\/shotshotshot.com\/it\/video-prodotto\/","name":"Video prodotto - Shot Shot Shot film pubblicitari","isPartOf":{"@id":"https:\/\/shotshotshot.com\/#website"},"datePublished":"2022-01-28T08:52:06+00:00","dateModified":"2022-09-08T15:45:58+00:00","description":"Misterioso e fresco, o alla moda e allegro - la video presentazione di un prodotto con Shot Shot Shot fa risaltare la sua unicit\u00e0.","breadcrumb":{"@id":"https:\/\/shotshotshot.com\/it\/video-prodotto\/#breadcrumb"},"inLanguage":"it-IT","potentialAction":[{"@type":"ReadAction","target":["https:\/\/shotshotshot.com\/it\/video-prodotto\/"]}]},{"@type":"BreadcrumbList","@id":"https:\/\/shotshotshot.com\/it\/video-prodotto\/#breadcrumb","itemListElement":[{"@type":"ListItem","position":1,"name":"Startseite","item":"https:\/\/shotshotshot.com\/it\/"},{"@type":"ListItem","position":2,"name":"Video di presentazione del prodotto"}]},{"@type":"WebSite","@id":"https:\/\/shotshotshot.com\/#website","url":"https:\/\/shotshotshot.com\/","name":"Shot Shot Shot film pubblicitari","description":"La pubblicit\u00e0 (s)muove!","publisher":{"@id":"https:\/\/shotshotshot.com\/#organization"},"potentialAction":[{"@type":"SearchAction","target":{"@type":"EntryPoint","urlTemplate":"https:\/\/shotshotshot.com\/?s={search_term_string}"},"query-input":{"@type":"PropertyValueSpecification","valueRequired":true,"valueName":"search_term_string"}}],"inLanguage":"it-IT"},{"@type":"Organization","@id":"https:\/\/shotshotshot.com\/#organization","name":"Shot Shot Shot Filmproduktion f\u00fcr Werbefilm aus Graz, Steiermark","url":"https:\/\/shotshotshot.com\/","logo":{"@type":"ImageObject","inLanguage":"it-IT","@id":"https:\/\/shotshotshot.com\/#\/schema\/logo\/image\/","url":"https:\/\/shotshotshot.com\/wp-content\/uploads\/2022\/05\/Logo-Shot-Shot-Shot-Filmproduktion-fuer-Werbefilm-aus-Graz-Steiermark.png","contentUrl":"https:\/\/shotshotshot.com\/wp-content\/uploads\/2022\/05\/Logo-Shot-Shot-Shot-Filmproduktion-fuer-Werbefilm-aus-Graz-Steiermark.png","width":960,"height":960,"caption":"Shot Shot Shot Filmproduktion f\u00fcr Werbefilm aus Graz, Steiermark"},"image":{"@id":"https:\/\/shotshotshot.com\/#\/schema\/logo\/image\/"},"sameAs":["https:\/\/www.facebook.com\/ohShotShotShot"]}]}},"_links":{"self":[{"href":"https:\/\/shotshotshot.com\/it\/wp-json\/wp\/v2\/pages\/3269","targetHints":{"allow":["GET"]}}],"collection":[{"href":"https:\/\/shotshotshot.com\/it\/wp-json\/wp\/v2\/pages"}],"about":[{"href":"https:\/\/shotshotshot.com\/it\/wp-json\/wp\/v2\/types\/page"}],"author":[{"embeddable":true,"href":"https:\/\/shotshotshot.com\/it\/wp-json\/wp\/v2\/users\/6"}],"replies":[{"embeddable":true,"href":"https:\/\/shotshotshot.com\/it\/wp-json\/wp\/v2\/comments?post=3269"}],"version-history":[{"count":7,"href":"https:\/\/shotshotshot.com\/it\/wp-json\/wp\/v2\/pages\/3269\/revisions"}],"predecessor-version":[{"id":3844,"href":"https:\/\/shotshotshot.com\/it\/wp-json\/wp\/v2\/pages\/3269\/revisions\/3844"}],"wp:attachment":[{"href":"https:\/\/shotshotshot.com\/it\/wp-json\/wp\/v2\/media?parent=3269"}],"curies":[{"name":"wp","href":"https:\/\/api.w.org\/{rel}","templated":true}]}}