{"id":3266,"date":"2022-02-07T10:05:59","date_gmt":"2022-02-07T09:05:59","guid":{"rendered":"https:\/\/shotshotshot.com\/?page_id=3266"},"modified":"2022-12-15T16:51:19","modified_gmt":"2022-12-15T15:51:19","slug":"realta-mista","status":"publish","type":"page","link":"https:\/\/shotshotshot.com\/it\/realta-mista\/","title":{"rendered":"Realt\u00e0 mista"},"content":{"rendered":"\n<p class=\"has-text-align-center\">Le forme cinematografiche si sono diversificate.&nbsp;Presentazioni interattive di prodotti, spazi di esperienza virtuale e realt\u00e0 aumentata negli spazi pubblici aprono nuovi canali di comunicazione. Anche se le forme narrative non sono le stesse di quelle tradizionali, una premessa rimane per noi invariata: bisogna far vivere allo spettatore un\u2019esperienza indimenticabile. &nbsp;E questo pu\u00f2 essere molto utile per le aziende. Proprio perch\u00e9 molte cose sono in cambiamento continuo, l&#8217;esame di AR, VR o Mixed Reality sono una buona possibilit\u00e0\u2019.<\/p>\n\n\n\n<div style=\"height:50px\" aria-hidden=\"true\" class=\"wp-block-spacer\"><\/div>\n\n\n<section class=\"video-still-wrap film-item white-section-bg gallery\"><div class=\"video-container\"><div class=\"video-still\" style=\"background-image: url(https:\/\/shotshotshot.com\/wp-content\/uploads\/2022\/12\/2200_Reel-Mixed-Reality.png);\"><div class=\"video-play-btn\" data-video-source=\"https:\/\/movies.shotshotshot.com\/2200_Reel Mixed Reality_HQ.mp4\"><i class=\"material-icons\">play_arrow<\/i><\/div><div class=\"video-wrap\"><div class=\"close-video\"><i class=\"material-icons\">clear<\/i><\/div><video class=\"video-js vjs-default-skin\" \/><\/div><\/div><\/div><\/section>\n\n\n\n<div style=\"height:100px\" aria-hidden=\"true\" class=\"wp-block-spacer\"><\/div>\n\n\n\n<h2 class=\"has-text-align-center wp-block-heading\"> Shot Shot Shot produce realt\u00e0 mista per i seguenti aziende:<\/h2>\n\n\n\n<div style=\"height:20px\" aria-hidden=\"true\" class=\"wp-block-spacer\"><\/div>\n\n\n\n<p class=\"has-text-align-center\"> <a href=\"https:\/\/shotshotshot.com\/it\/archiv\/#1715\" target=\"_blank\" rel=\"noreferrer noopener\"><strong>Tourismusverband St. Andr\u00e4 \/ eltner marketing<\/strong> \u2013 3D Tierwelt Zicksee<\/a> &#8211; 00:04 <br><a href=\"https:\/\/shotshotshot.com\/it\/archiv\/#2031\" target=\"_blank\" rel=\"noreferrer noopener\"><strong>Tourismusverband Gleisdorf \/ eltner marketing<\/strong> \u2013 Stra\u00dfe der Energiewaende<\/a> &#8211; 00:12 <br><a href=\"https:\/\/shotshotshot.com\/it\/archiv\/#1956\" target=\"_blank\" rel=\"noreferrer noopener\"><strong>THE QUIET NOW \/ Georg Hartwig<\/strong> \u2013 Dystoptimal<\/a> &#8211; 00:20<\/p>\n\n\n\n<div style=\"height:150px\" aria-hidden=\"true\" class=\"wp-block-spacer\"><\/div>\n","protected":false},"excerpt":{"rendered":"<p>Le forme cinematografiche si sono diversificate.&nbsp;Presentazioni interattive di prodotti, spazi di esperienza virtuale e realt\u00e0 aumentata negli spazi pubblici aprono nuovi canali di comunicazione. Anche se le forme narrative non sono le stesse di quelle tradizionali, una premessa rimane per noi invariata: bisogna far vivere allo spettatore un\u2019esperienza indimenticabile. &nbsp;E questo pu\u00f2 essere molto utile &hellip; <a href=\"https:\/\/shotshotshot.com\/it\/realta-mista\/\">Continued<\/a><\/p>\n","protected":false},"author":2,"featured_media":0,"parent":0,"menu_order":0,"comment_status":"closed","ping_status":"closed","template":"template-leistungen.php","meta":{"_acf_changed":false,"footnotes":""},"class_list":["post-3266","page","type-page","status-publish","hentry"],"acf":[],"yoast_head":"<!-- This site is optimized with the Yoast SEO plugin v27.0 - https:\/\/yoast.com\/product\/yoast-seo-wordpress\/ -->\n<title>Realt\u00e0 mista\/virtuale\/augmented - Shot Shot Shot film pubblicitari<\/title>\n<meta name=\"description\" content=\"Presentazioni interattive dei prodotti, spazi di esperienza virtuale, soluzioni di realt\u00e0 mista e aumentata con Shot Shot Shot aprono nuovi canali di comunicazione.\" \/>\n<meta name=\"robots\" content=\"index, follow, max-snippet:-1, max-image-preview:large, max-video-preview:-1\" \/>\n<link rel=\"canonical\" href=\"https:\/\/shotshotshot.com\/it\/realta-mista\/\" \/>\n<meta property=\"og:locale\" content=\"it_IT\" \/>\n<meta property=\"og:type\" content=\"article\" \/>\n<meta property=\"og:title\" content=\"Realt\u00e0 mista\/virtuale\/augmented - Shot Shot Shot film pubblicitari\" \/>\n<meta property=\"og:description\" content=\"Presentazioni interattive dei prodotti, spazi di esperienza virtuale, soluzioni di realt\u00e0 mista e aumentata con Shot Shot Shot aprono nuovi canali di comunicazione.\" \/>\n<meta property=\"og:url\" content=\"https:\/\/shotshotshot.com\/it\/realta-mista\/\" \/>\n<meta property=\"og:site_name\" content=\"Shot Shot Shot film pubblicitari\" \/>\n<meta property=\"article:publisher\" content=\"https:\/\/www.facebook.com\/ohShotShotShot\" \/>\n<meta property=\"article:modified_time\" content=\"2022-12-15T15:51:19+00:00\" \/>\n<meta property=\"og:image\" content=\"https:\/\/shotshotshot.com\/wp-content\/uploads\/2022\/05\/Logo-Shot-Shot-Shot-Filmproduktion-fuer-Werbefilm-aus-Graz-Steiermark.png\" \/>\n\t<meta property=\"og:image:width\" content=\"960\" \/>\n\t<meta property=\"og:image:height\" content=\"960\" \/>\n\t<meta property=\"og:image:type\" content=\"image\/png\" \/>\n<meta name=\"twitter:card\" content=\"summary_large_image\" \/>\n<meta name=\"twitter:label1\" content=\"Tempo di lettura stimato\" \/>\n\t<meta name=\"twitter:data1\" content=\"1 minuto\" \/>\n<script type=\"application\/ld+json\" class=\"yoast-schema-graph\">{\"@context\":\"https:\/\/schema.org\",\"@graph\":[{\"@type\":\"WebPage\",\"@id\":\"https:\/\/shotshotshot.com\/it\/realta-mista\/\",\"url\":\"https:\/\/shotshotshot.com\/it\/realta-mista\/\",\"name\":\"Realt\u00e0 mista\/virtuale\/augmented - Shot Shot Shot film pubblicitari\",\"isPartOf\":{\"@id\":\"https:\/\/shotshotshot.com\/#website\"},\"datePublished\":\"2022-02-07T09:05:59+00:00\",\"dateModified\":\"2022-12-15T15:51:19+00:00\",\"description\":\"Presentazioni interattive dei prodotti, spazi di esperienza virtuale, soluzioni di realt\u00e0 mista e aumentata con Shot Shot Shot aprono nuovi canali di comunicazione.\",\"breadcrumb\":{\"@id\":\"https:\/\/shotshotshot.com\/it\/realta-mista\/#breadcrumb\"},\"inLanguage\":\"it-IT\",\"potentialAction\":[{\"@type\":\"ReadAction\",\"target\":[\"https:\/\/shotshotshot.com\/it\/realta-mista\/\"]}]},{\"@type\":\"BreadcrumbList\",\"@id\":\"https:\/\/shotshotshot.com\/it\/realta-mista\/#breadcrumb\",\"itemListElement\":[{\"@type\":\"ListItem\",\"position\":1,\"name\":\"Startseite\",\"item\":\"https:\/\/shotshotshot.com\/it\/\"},{\"@type\":\"ListItem\",\"position\":2,\"name\":\"Realt\u00e0 mista\"}]},{\"@type\":\"WebSite\",\"@id\":\"https:\/\/shotshotshot.com\/#website\",\"url\":\"https:\/\/shotshotshot.com\/\",\"name\":\"Shot Shot Shot film pubblicitari\",\"description\":\"La pubblicit\u00e0 (s)muove!\",\"publisher\":{\"@id\":\"https:\/\/shotshotshot.com\/#organization\"},\"potentialAction\":[{\"@type\":\"SearchAction\",\"target\":{\"@type\":\"EntryPoint\",\"urlTemplate\":\"https:\/\/shotshotshot.com\/?s={search_term_string}\"},\"query-input\":{\"@type\":\"PropertyValueSpecification\",\"valueRequired\":true,\"valueName\":\"search_term_string\"}}],\"inLanguage\":\"it-IT\"},{\"@type\":\"Organization\",\"@id\":\"https:\/\/shotshotshot.com\/#organization\",\"name\":\"Shot Shot Shot Filmproduktion f\u00fcr Werbefilm aus Graz, Steiermark\",\"url\":\"https:\/\/shotshotshot.com\/\",\"logo\":{\"@type\":\"ImageObject\",\"inLanguage\":\"it-IT\",\"@id\":\"https:\/\/shotshotshot.com\/#\/schema\/logo\/image\/\",\"url\":\"https:\/\/shotshotshot.com\/wp-content\/uploads\/2022\/05\/Logo-Shot-Shot-Shot-Filmproduktion-fuer-Werbefilm-aus-Graz-Steiermark.png\",\"contentUrl\":\"https:\/\/shotshotshot.com\/wp-content\/uploads\/2022\/05\/Logo-Shot-Shot-Shot-Filmproduktion-fuer-Werbefilm-aus-Graz-Steiermark.png\",\"width\":960,\"height\":960,\"caption\":\"Shot Shot Shot Filmproduktion f\u00fcr Werbefilm aus Graz, Steiermark\"},\"image\":{\"@id\":\"https:\/\/shotshotshot.com\/#\/schema\/logo\/image\/\"},\"sameAs\":[\"https:\/\/www.facebook.com\/ohShotShotShot\"]}]}<\/script>\n<!-- \/ Yoast SEO plugin. -->","yoast_head_json":{"title":"Realt\u00e0 mista\/virtuale\/augmented - Shot Shot Shot film pubblicitari","description":"Presentazioni interattive dei prodotti, spazi di esperienza virtuale, soluzioni di realt\u00e0 mista e aumentata con Shot Shot Shot aprono nuovi canali di comunicazione.","robots":{"index":"index","follow":"follow","max-snippet":"max-snippet:-1","max-image-preview":"max-image-preview:large","max-video-preview":"max-video-preview:-1"},"canonical":"https:\/\/shotshotshot.com\/it\/realta-mista\/","og_locale":"it_IT","og_type":"article","og_title":"Realt\u00e0 mista\/virtuale\/augmented - Shot Shot Shot film pubblicitari","og_description":"Presentazioni interattive dei prodotti, spazi di esperienza virtuale, soluzioni di realt\u00e0 mista e aumentata con Shot Shot Shot aprono nuovi canali di comunicazione.","og_url":"https:\/\/shotshotshot.com\/it\/realta-mista\/","og_site_name":"Shot Shot Shot film pubblicitari","article_publisher":"https:\/\/www.facebook.com\/ohShotShotShot","article_modified_time":"2022-12-15T15:51:19+00:00","og_image":[{"width":960,"height":960,"url":"https:\/\/shotshotshot.com\/wp-content\/uploads\/2022\/05\/Logo-Shot-Shot-Shot-Filmproduktion-fuer-Werbefilm-aus-Graz-Steiermark.png","type":"image\/png"}],"twitter_card":"summary_large_image","twitter_misc":{"Tempo di lettura stimato":"1 minuto"},"schema":{"@context":"https:\/\/schema.org","@graph":[{"@type":"WebPage","@id":"https:\/\/shotshotshot.com\/it\/realta-mista\/","url":"https:\/\/shotshotshot.com\/it\/realta-mista\/","name":"Realt\u00e0 mista\/virtuale\/augmented - Shot Shot Shot film pubblicitari","isPartOf":{"@id":"https:\/\/shotshotshot.com\/#website"},"datePublished":"2022-02-07T09:05:59+00:00","dateModified":"2022-12-15T15:51:19+00:00","description":"Presentazioni interattive dei prodotti, spazi di esperienza virtuale, soluzioni di realt\u00e0 mista e aumentata con Shot Shot Shot aprono nuovi canali di comunicazione.","breadcrumb":{"@id":"https:\/\/shotshotshot.com\/it\/realta-mista\/#breadcrumb"},"inLanguage":"it-IT","potentialAction":[{"@type":"ReadAction","target":["https:\/\/shotshotshot.com\/it\/realta-mista\/"]}]},{"@type":"BreadcrumbList","@id":"https:\/\/shotshotshot.com\/it\/realta-mista\/#breadcrumb","itemListElement":[{"@type":"ListItem","position":1,"name":"Startseite","item":"https:\/\/shotshotshot.com\/it\/"},{"@type":"ListItem","position":2,"name":"Realt\u00e0 mista"}]},{"@type":"WebSite","@id":"https:\/\/shotshotshot.com\/#website","url":"https:\/\/shotshotshot.com\/","name":"Shot Shot Shot film pubblicitari","description":"La pubblicit\u00e0 (s)muove!","publisher":{"@id":"https:\/\/shotshotshot.com\/#organization"},"potentialAction":[{"@type":"SearchAction","target":{"@type":"EntryPoint","urlTemplate":"https:\/\/shotshotshot.com\/?s={search_term_string}"},"query-input":{"@type":"PropertyValueSpecification","valueRequired":true,"valueName":"search_term_string"}}],"inLanguage":"it-IT"},{"@type":"Organization","@id":"https:\/\/shotshotshot.com\/#organization","name":"Shot Shot Shot Filmproduktion f\u00fcr Werbefilm aus Graz, Steiermark","url":"https:\/\/shotshotshot.com\/","logo":{"@type":"ImageObject","inLanguage":"it-IT","@id":"https:\/\/shotshotshot.com\/#\/schema\/logo\/image\/","url":"https:\/\/shotshotshot.com\/wp-content\/uploads\/2022\/05\/Logo-Shot-Shot-Shot-Filmproduktion-fuer-Werbefilm-aus-Graz-Steiermark.png","contentUrl":"https:\/\/shotshotshot.com\/wp-content\/uploads\/2022\/05\/Logo-Shot-Shot-Shot-Filmproduktion-fuer-Werbefilm-aus-Graz-Steiermark.png","width":960,"height":960,"caption":"Shot Shot Shot Filmproduktion f\u00fcr Werbefilm aus Graz, Steiermark"},"image":{"@id":"https:\/\/shotshotshot.com\/#\/schema\/logo\/image\/"},"sameAs":["https:\/\/www.facebook.com\/ohShotShotShot"]}]}},"_links":{"self":[{"href":"https:\/\/shotshotshot.com\/it\/wp-json\/wp\/v2\/pages\/3266","targetHints":{"allow":["GET"]}}],"collection":[{"href":"https:\/\/shotshotshot.com\/it\/wp-json\/wp\/v2\/pages"}],"about":[{"href":"https:\/\/shotshotshot.com\/it\/wp-json\/wp\/v2\/types\/page"}],"author":[{"embeddable":true,"href":"https:\/\/shotshotshot.com\/it\/wp-json\/wp\/v2\/users\/2"}],"replies":[{"embeddable":true,"href":"https:\/\/shotshotshot.com\/it\/wp-json\/wp\/v2\/comments?post=3266"}],"version-history":[{"count":8,"href":"https:\/\/shotshotshot.com\/it\/wp-json\/wp\/v2\/pages\/3266\/revisions"}],"predecessor-version":[{"id":4264,"href":"https:\/\/shotshotshot.com\/it\/wp-json\/wp\/v2\/pages\/3266\/revisions\/4264"}],"wp:attachment":[{"href":"https:\/\/shotshotshot.com\/it\/wp-json\/wp\/v2\/media?parent=3266"}],"curies":[{"name":"wp","href":"https:\/\/api.w.org\/{rel}","templated":true}]}}