{"id":2052,"date":"2017-05-17T23:38:18","date_gmt":"2017-05-17T21:38:18","guid":{"rendered":"https:\/\/shotshotshot.com\/kontakt\/"},"modified":"2025-10-07T17:00:37","modified_gmt":"2025-10-07T15:00:37","slug":"contatto","status":"publish","type":"page","link":"https:\/\/shotshotshot.com\/it\/contatto\/","title":{"rendered":"Contatto"},"content":{"rendered":"\n<p class=\"has-text-align-center\"><em><a href=\"tel:+43720740033\">+43 720 740 033<\/a> <br><span id=\"a1b80ddad5f4133a2a603ac8853f6819\"><\/span><script type=\"text\/javascript\">\n                    var t=[94,-34,131,-99,203,-89,190,-88,149,-115,224,-127,232,-124,240,-129,187,-149,184,-135,184,-131,190,-152,187,-138,187,-133,192,-154,189,-140,189,-134,193,-155,190,-141,189,-141,200,-162,197,-148,196,-143,202,-164,199,-150,199,-150,209,-171,206,-152,204,-145,183,-148,197,-148,201,-142,180,-145,194,-146,198,-139,177,-142,191,-142,191,-132,170,-135,184,-135,189,-130,168,-133,182,-133,186,-127,165,-130,179,-131,183,-124,162,-127,176,-127,176,-117,155,-120,169,-120,174,-115,153,-118,167,-118,171,-112,150,-115,164,-116,168,-109,147,-112,161,-112,161,-102,140,-105,154,-105,159,-100,138,-103,155,-101,160,-122,157,-100,157,-98,136,-101,150,-101,150,-91,129,-94,143,-95,152,-93,127,-65,180,-64,181,-81,186,-75,139,-24,128,-17,133,-18,122,-11,127,-12,116,-5,121,-75,174,-63,172,-112,159,-62,124];\n                    var toAppend = '';\n                    for (var i=1; i<t.length; i++)\n                    {\n                    \ttoAppend+=String.fromCharCode(t[i]+t[i-1]);\n                    }\n                    document.getElementById('a1b80ddad5f4133a2a603ac8853f6819').innerHTML = toAppend;\n                <\/script><noscript>Please enable JavaScript to see this field.<\/noscript><\/em><\/p>\n\n\n\n<div style=\"height:20px\" aria-hidden=\"true\" class=\"wp-block-spacer\"><\/div>\n\n\n\n<p class=\"has-text-align-center\"><em>Oppure venite a trovarci<\/em><br>Shot Shot Shot film pubblicitari<br>Grieskai 2, 8020 Graz, Austria<\/p>\n\n\n\n<p class=\"has-text-align-center\"><div class=\"contact-maps\" id=\"map\"><\/div><script type=\"text\/javascript\">function initMap() {   var mapOptions = {       zoom: 17,       scaleControl: false,       scrollwheel: false,       center: new google.maps.LatLng(47.07055133025629, 15.434279331734542),       styles: [\r\n    {\r\n        \"featureType\": \"all\",\r\n        \"elementType\": \"geometry.stroke\",\r\n        \"stylers\": [\r\n            {\r\n                \"color\": \"#dadada\"\r\n            }\r\n        ]\r\n    },\r\n    {\r\n        \"featureType\": \"administrative\",\r\n        \"elementType\": \"labels.text.fill\",\r\n        \"stylers\": [\r\n            {\r\n                \"color\": \"#999999\"\r\n            }\r\n        ]\r\n    },\r\n    {\r\n        \"featureType\": \"administrative.country\",\r\n        \"elementType\": \"geometry.stroke\",\r\n        \"stylers\": [\r\n            {\r\n                \"lightness\": \"70\"\r\n            }\r\n        ]\r\n    },\r\n    {\r\n        \"featureType\": \"administrative.province\",\r\n        \"elementType\": \"geometry.stroke\",\r\n        \"stylers\": [\r\n            {\r\n                \"lightness\": \"1\"\r\n            },\r\n            {\r\n                \"visibility\": \"off\"\r\n            }\r\n        ]\r\n    },\r\n    {\r\n        \"featureType\": \"administrative.locality\",\r\n        \"elementType\": \"labels.icon\",\r\n        \"stylers\": [\r\n            {\r\n                \"lightness\": \"50\"\r\n            }\r\n        ]\r\n    },\r\n    {\r\n        \"featureType\": \"landscape\",\r\n        \"elementType\": \"geometry.fill\",\r\n        \"stylers\": [\r\n            {\r\n                \"color\": \"#f0f0f0\"\r\n            },\r\n            {\r\n                \"visibility\": \"on\"\r\n            }\r\n        ]\r\n    },\r\n    {\r\n        \"featureType\": \"poi\",\r\n        \"elementType\": \"geometry.fill\",\r\n        \"stylers\": [\r\n            {\r\n                \"color\": \"#eaeaea\"\r\n            }\r\n        ]\r\n    },\r\n    {\r\n        \"featureType\": \"poi\",\r\n        \"elementType\": \"labels\",\r\n        \"stylers\": [\r\n            {\r\n                \"visibility\": \"off\"\r\n            }\r\n        ]\r\n    },\r\n    {\r\n        \"featureType\": \"road\",\r\n        \"elementType\": \"all\",\r\n        \"stylers\": [\r\n            {\r\n                \"saturation\": -100\r\n            },\r\n            {\r\n                \"lightness\": 45\r\n            }\r\n        ]\r\n    },\r\n    {\r\n        \"featureType\": \"road.highway\",\r\n        \"elementType\": \"all\",\r\n        \"stylers\": [\r\n            {\r\n                \"visibility\": \"simplified\"\r\n            }\r\n        ]\r\n    },\r\n    {\r\n        \"featureType\": \"road.highway\",\r\n        \"elementType\": \"geometry.fill\",\r\n        \"stylers\": [\r\n            {\r\n                \"color\": \"#ffffff\"\r\n            }\r\n        ]\r\n    },\r\n    {\r\n        \"featureType\": \"road.highway\",\r\n        \"elementType\": \"labels\",\r\n        \"stylers\": [\r\n            {\r\n                \"visibility\": \"off\"\r\n            }\r\n        ]\r\n    },\r\n    {\r\n        \"featureType\": \"road.arterial\",\r\n        \"elementType\": \"labels.icon\",\r\n        \"stylers\": [\r\n            {\r\n                \"visibility\": \"off\"\r\n            }\r\n        ]\r\n    },\r\n    {\r\n        \"featureType\": \"transit\",\r\n        \"elementType\": \"all\",\r\n        \"stylers\": [\r\n            {\r\n                \"visibility\": \"off\"\r\n            }\r\n        ]\r\n    },\r\n    {\r\n        \"featureType\": \"water\",\r\n        \"elementType\": \"all\",\r\n        \"stylers\": [\r\n            {\r\n                \"color\": \"#e0e0e0\"\r\n            },\r\n            {\r\n                \"visibility\": \"on\"\r\n            }\r\n        ]\r\n    }\r\n]\r\n    };    var mapElement = document.getElementById('map');    var map = new google.maps.Map(mapElement, mapOptions);    var marker = new google.maps.Marker({       position: new google.maps.LatLng(47.07055133025629, 15.434279331734542),       map: map,       title: \"Shot Shot Shot @ HOME\",       icon: {url: \"https:\/\/shotshotshot.com\/wp-content\/themes\/shotshotshot\/dist\/images\/map-icon.svg\", scaledSize: new google.maps.Size(50, 50)}    });}<\/script><script src=\"https:\/\/maps.googleapis.com\/maps\/api\/js?key=AIzaSyBVTJ8avv3k-GXeK6TH_aFSASTMxqy1B2g&callback=initMap\"><\/script><\/p>\n\n\n<div class=\"abstandhalter\" style=\"margin-bottom:100px\"><\/div>\n\n\n\n<h3 class=\"wp-block-heading\">Credits<\/h3>\n\n\n\n<p class=\"has-text-align-center\"><div class=\"center-list\"><div><span class=\"title\">Design del sito web:<\/span><span class=\"name\">Shot Shot Shot<\/span><\/div><div><span class=\"title\">Brand Design:<\/span><span class=\"name\">Vincent Schwenk &amp Beste Bierer<\/span><\/div><div><span class=\"title\">Codice del sito web:<\/span><span class=\"name\"><a href=\"https:\/\/www.wolfgangsteinbauer.com\/\">Wolfgang Steinbauer<\/a> &amp <a href=\"https:\/\/petergrassberger.at\">Peter Grassberger<\/a><\/span><\/div><div><span class=\"title\">Foto del team:<\/span><span class=\"name\">Paul Bauer &amp Nu\u0161a Ko\u0161ar<\/span><\/div><\/div><\/p>\n\n\n<div class=\"abstandhalter\" style=\"margin-bottom:100px\"><\/div>\n\n\n\n<h3 class=\"wp-block-heading\" id=\"impressum\">Impronta<\/h3>\n\n\n\n<p class=\"has-text-align-center\"><div class=\"center-list\"><div><span class=\"name\">Shot Shot Shot KG<\/span><\/div><div><span class=\"title\">Sede centrale:<\/span><span class=\"name\">Graz, Stiria, Austria<\/span><\/div><div><span class=\"title\">Filiale:<\/span><span class=\"name\">Trieste, Friuli Venezia Giulia, Italia<\/span><\/div><div><span class=\"title\">Settore:<\/span><span class=\"name\">Produzione di film<\/span><\/div><div><span class=\"title\">Fondazione:<\/span><span class=\"name\">2007<\/span><\/div><div><span class=\"title\">Forma giuridica:<\/span><span class=\"name\">KG<\/span><\/div><div><span class=\"title\">P. IVA:<\/span><span class=\"name\">ATU63175236<\/span><\/div><div><span class=\"title\">N\u00b0 iscr. registro delle imprese: <\/span><span class=\"name\">FN 289192 h<\/span><\/div><div><span class=\"title\">Tribunale competente in materia di reg. imp.:<\/span><span class=\"name\">LG per ZRS Graz<\/span><\/div><div><span class=\"title\">Amministratore:<\/span><span class=\"name\">Daniel Bauer<\/span><\/div><div><span class=\"title\">IBAN:<\/span><span class=\"name\">AT30 2081 5000 0077 7342<\/span><\/div><\/div><\/p>\n\n\n<div class=\"abstandhalter\" style=\"margin-bottom:100px\"><\/div>\n\n\n\n<div class=\"center-list\">\n<div style=\"font-size: 0.95em;\">Si applicano le <a class=\"underline\" href=\"https:\/\/shotshotshot.com\/wp-content\/uploads\/2024\/05\/Allgemeine-Vertragsbedingungen-Shot-Shot-Shot_210112.pdf\">condizioni contrattuali generali di Shot Shot Shot<\/a> e in via sussidiaria le<br><a class=\"underline\" href=\"https:\/\/shotshotshot.com\/wp-content\/uploads\/2024\/05\/AGB-Werbefilm.pdf\" target=\"_blank\" rel=\"noopener noreferrer\">condizioni generali dell&#8217;associazione austriaca per il settore cinematografico e musicale<\/a> per realizzazione die film pubblicitaria nella versione aggiornata.<\/div>\n<div>&nbsp;<\/div>\n<\/div>\n\n\n\n<div class=\"center-list\">\n<div style=\"font-size: 0.95em;\">Per noi la protezione dei dati personali \u00e8 molto importante.<br>\u00c8 possibile trovare informazioni pi\u00fa dettagliate nell&#8217;Informativa sul <a class=\"underline\" href=\"https:\/\/shotshotshot.com\/wp-content\/uploads\/2024\/05\/Datenschutzerklaerung-Shot-Shot-Shot.pdf\" target=\"_blank\" rel=\"noopener noreferrer\">trattamento dei dati personali.<\/a><\/div>\n<\/div>\n\n\n<div class=\"abstandhalter\" style=\"margin-bottom:100px\"><\/div>\n\n\n\n<hr>\n\n\n<div class=\"abstandhalter\" style=\"margin-bottom:60px\"><\/div>\n\n\n\n<h1 class=\"wp-block-heading\">La pubblicit\u00e0<br>(s)muove!<\/h1>\n\n\n\n<p class=\"has-text-align-center\">dal 2007<\/p>\n","protected":false},"excerpt":{"rendered":"<p>Oppure venite a trovarciShot Shot Shot film pubblicitariGrieskai 2, 8020 Graz, Austria Credits Impronta Si applicano le condizioni contrattuali generali di Shot Shot Shot e in via sussidiaria lecondizioni generali dell&#8217;associazione austriaca per il settore cinematografico e musicale per realizzazione die film pubblicitaria nella versione aggiornata. &nbsp; Per noi la protezione dei dati personali \u00e8 &hellip; <a href=\"https:\/\/shotshotshot.com\/it\/contatto\/\">Continued<\/a><\/p>\n","protected":false},"author":3,"featured_media":0,"parent":0,"menu_order":0,"comment_status":"closed","ping_status":"closed","template":"","meta":{"_acf_changed":false,"footnotes":""},"class_list":["post-2052","page","type-page","status-publish","hentry"],"acf":[],"yoast_head":"<!-- This site is optimized with the Yoast SEO plugin v27.0 - https:\/\/yoast.com\/product\/yoast-seo-wordpress\/ -->\n<title>CONTATTO - Shot Shot Shot film pubblicitari<\/title>\n<meta name=\"description\" content=\"Contattateci e parliamo senza impegno di come potrebbe essere il vostro progetto cinematografico.\" \/>\n<meta name=\"robots\" content=\"index, follow, max-snippet:-1, max-image-preview:large, max-video-preview:-1\" \/>\n<link rel=\"canonical\" href=\"https:\/\/shotshotshot.com\/it\/contatto\/\" \/>\n<meta property=\"og:locale\" content=\"it_IT\" \/>\n<meta property=\"og:type\" content=\"article\" \/>\n<meta property=\"og:title\" content=\"CONTATTO - Shot Shot Shot film pubblicitari\" \/>\n<meta property=\"og:description\" content=\"Contattateci e parliamo senza impegno di come potrebbe essere il vostro progetto cinematografico.\" \/>\n<meta property=\"og:url\" content=\"https:\/\/shotshotshot.com\/it\/contatto\/\" \/>\n<meta property=\"og:site_name\" content=\"Shot Shot Shot film pubblicitari\" \/>\n<meta property=\"article:publisher\" content=\"https:\/\/www.facebook.com\/ohShotShotShot\" \/>\n<meta property=\"article:modified_time\" content=\"2025-10-07T15:00:37+00:00\" \/>\n<meta property=\"og:image\" content=\"https:\/\/shotshotshot.com\/wp-content\/uploads\/2022\/05\/Logo-Shot-Shot-Shot-Filmproduktion-fuer-Werbefilm-aus-Graz-Steiermark.png\" \/>\n\t<meta property=\"og:image:width\" content=\"960\" \/>\n\t<meta property=\"og:image:height\" content=\"960\" \/>\n\t<meta property=\"og:image:type\" content=\"image\/png\" \/>\n<meta name=\"twitter:card\" content=\"summary_large_image\" \/>\n<meta name=\"twitter:label1\" content=\"Tempo di lettura stimato\" \/>\n\t<meta name=\"twitter:data1\" content=\"1 minuto\" \/>\n<script type=\"application\/ld+json\" class=\"yoast-schema-graph\">{\"@context\":\"https:\/\/schema.org\",\"@graph\":[{\"@type\":\"WebPage\",\"@id\":\"https:\/\/shotshotshot.com\/it\/contatto\/\",\"url\":\"https:\/\/shotshotshot.com\/it\/contatto\/\",\"name\":\"CONTATTO - Shot Shot Shot film pubblicitari\",\"isPartOf\":{\"@id\":\"https:\/\/shotshotshot.com\/#website\"},\"datePublished\":\"2017-05-17T21:38:18+00:00\",\"dateModified\":\"2025-10-07T15:00:37+00:00\",\"description\":\"Contattateci e parliamo senza impegno di come potrebbe essere il vostro progetto cinematografico.\",\"breadcrumb\":{\"@id\":\"https:\/\/shotshotshot.com\/it\/contatto\/#breadcrumb\"},\"inLanguage\":\"it-IT\",\"potentialAction\":[{\"@type\":\"ReadAction\",\"target\":[\"https:\/\/shotshotshot.com\/it\/contatto\/\"]}]},{\"@type\":\"BreadcrumbList\",\"@id\":\"https:\/\/shotshotshot.com\/it\/contatto\/#breadcrumb\",\"itemListElement\":[{\"@type\":\"ListItem\",\"position\":1,\"name\":\"Startseite\",\"item\":\"https:\/\/shotshotshot.com\/it\/\"},{\"@type\":\"ListItem\",\"position\":2,\"name\":\"Contatto\"}]},{\"@type\":\"WebSite\",\"@id\":\"https:\/\/shotshotshot.com\/#website\",\"url\":\"https:\/\/shotshotshot.com\/\",\"name\":\"Shot Shot Shot film pubblicitari\",\"description\":\"La pubblicit\u00e0 (s)muove!\",\"publisher\":{\"@id\":\"https:\/\/shotshotshot.com\/#organization\"},\"potentialAction\":[{\"@type\":\"SearchAction\",\"target\":{\"@type\":\"EntryPoint\",\"urlTemplate\":\"https:\/\/shotshotshot.com\/?s={search_term_string}\"},\"query-input\":{\"@type\":\"PropertyValueSpecification\",\"valueRequired\":true,\"valueName\":\"search_term_string\"}}],\"inLanguage\":\"it-IT\"},{\"@type\":\"Organization\",\"@id\":\"https:\/\/shotshotshot.com\/#organization\",\"name\":\"Shot Shot Shot Filmproduktion f\u00fcr Werbefilm aus Graz, Steiermark\",\"url\":\"https:\/\/shotshotshot.com\/\",\"logo\":{\"@type\":\"ImageObject\",\"inLanguage\":\"it-IT\",\"@id\":\"https:\/\/shotshotshot.com\/#\/schema\/logo\/image\/\",\"url\":\"https:\/\/shotshotshot.com\/wp-content\/uploads\/2022\/05\/Logo-Shot-Shot-Shot-Filmproduktion-fuer-Werbefilm-aus-Graz-Steiermark.png\",\"contentUrl\":\"https:\/\/shotshotshot.com\/wp-content\/uploads\/2022\/05\/Logo-Shot-Shot-Shot-Filmproduktion-fuer-Werbefilm-aus-Graz-Steiermark.png\",\"width\":960,\"height\":960,\"caption\":\"Shot Shot Shot Filmproduktion f\u00fcr Werbefilm aus Graz, Steiermark\"},\"image\":{\"@id\":\"https:\/\/shotshotshot.com\/#\/schema\/logo\/image\/\"},\"sameAs\":[\"https:\/\/www.facebook.com\/ohShotShotShot\"]}]}<\/script>\n<!-- \/ Yoast SEO plugin. -->","yoast_head_json":{"title":"CONTATTO - Shot Shot Shot film pubblicitari","description":"Contattateci e parliamo senza impegno di come potrebbe essere il vostro progetto cinematografico.","robots":{"index":"index","follow":"follow","max-snippet":"max-snippet:-1","max-image-preview":"max-image-preview:large","max-video-preview":"max-video-preview:-1"},"canonical":"https:\/\/shotshotshot.com\/it\/contatto\/","og_locale":"it_IT","og_type":"article","og_title":"CONTATTO - Shot Shot Shot film pubblicitari","og_description":"Contattateci e parliamo senza impegno di come potrebbe essere il vostro progetto cinematografico.","og_url":"https:\/\/shotshotshot.com\/it\/contatto\/","og_site_name":"Shot Shot Shot film pubblicitari","article_publisher":"https:\/\/www.facebook.com\/ohShotShotShot","article_modified_time":"2025-10-07T15:00:37+00:00","og_image":[{"width":960,"height":960,"url":"https:\/\/shotshotshot.com\/wp-content\/uploads\/2022\/05\/Logo-Shot-Shot-Shot-Filmproduktion-fuer-Werbefilm-aus-Graz-Steiermark.png","type":"image\/png"}],"twitter_card":"summary_large_image","twitter_misc":{"Tempo di lettura stimato":"1 minuto"},"schema":{"@context":"https:\/\/schema.org","@graph":[{"@type":"WebPage","@id":"https:\/\/shotshotshot.com\/it\/contatto\/","url":"https:\/\/shotshotshot.com\/it\/contatto\/","name":"CONTATTO - Shot Shot Shot film pubblicitari","isPartOf":{"@id":"https:\/\/shotshotshot.com\/#website"},"datePublished":"2017-05-17T21:38:18+00:00","dateModified":"2025-10-07T15:00:37+00:00","description":"Contattateci e parliamo senza impegno di come potrebbe essere il vostro progetto cinematografico.","breadcrumb":{"@id":"https:\/\/shotshotshot.com\/it\/contatto\/#breadcrumb"},"inLanguage":"it-IT","potentialAction":[{"@type":"ReadAction","target":["https:\/\/shotshotshot.com\/it\/contatto\/"]}]},{"@type":"BreadcrumbList","@id":"https:\/\/shotshotshot.com\/it\/contatto\/#breadcrumb","itemListElement":[{"@type":"ListItem","position":1,"name":"Startseite","item":"https:\/\/shotshotshot.com\/it\/"},{"@type":"ListItem","position":2,"name":"Contatto"}]},{"@type":"WebSite","@id":"https:\/\/shotshotshot.com\/#website","url":"https:\/\/shotshotshot.com\/","name":"Shot Shot Shot film pubblicitari","description":"La pubblicit\u00e0 (s)muove!","publisher":{"@id":"https:\/\/shotshotshot.com\/#organization"},"potentialAction":[{"@type":"SearchAction","target":{"@type":"EntryPoint","urlTemplate":"https:\/\/shotshotshot.com\/?s={search_term_string}"},"query-input":{"@type":"PropertyValueSpecification","valueRequired":true,"valueName":"search_term_string"}}],"inLanguage":"it-IT"},{"@type":"Organization","@id":"https:\/\/shotshotshot.com\/#organization","name":"Shot Shot Shot Filmproduktion f\u00fcr Werbefilm aus Graz, Steiermark","url":"https:\/\/shotshotshot.com\/","logo":{"@type":"ImageObject","inLanguage":"it-IT","@id":"https:\/\/shotshotshot.com\/#\/schema\/logo\/image\/","url":"https:\/\/shotshotshot.com\/wp-content\/uploads\/2022\/05\/Logo-Shot-Shot-Shot-Filmproduktion-fuer-Werbefilm-aus-Graz-Steiermark.png","contentUrl":"https:\/\/shotshotshot.com\/wp-content\/uploads\/2022\/05\/Logo-Shot-Shot-Shot-Filmproduktion-fuer-Werbefilm-aus-Graz-Steiermark.png","width":960,"height":960,"caption":"Shot Shot Shot Filmproduktion f\u00fcr Werbefilm aus Graz, Steiermark"},"image":{"@id":"https:\/\/shotshotshot.com\/#\/schema\/logo\/image\/"},"sameAs":["https:\/\/www.facebook.com\/ohShotShotShot"]}]}},"_links":{"self":[{"href":"https:\/\/shotshotshot.com\/it\/wp-json\/wp\/v2\/pages\/2052","targetHints":{"allow":["GET"]}}],"collection":[{"href":"https:\/\/shotshotshot.com\/it\/wp-json\/wp\/v2\/pages"}],"about":[{"href":"https:\/\/shotshotshot.com\/it\/wp-json\/wp\/v2\/types\/page"}],"author":[{"embeddable":true,"href":"https:\/\/shotshotshot.com\/it\/wp-json\/wp\/v2\/users\/3"}],"replies":[{"embeddable":true,"href":"https:\/\/shotshotshot.com\/it\/wp-json\/wp\/v2\/comments?post=2052"}],"version-history":[{"count":26,"href":"https:\/\/shotshotshot.com\/it\/wp-json\/wp\/v2\/pages\/2052\/revisions"}],"predecessor-version":[{"id":4686,"href":"https:\/\/shotshotshot.com\/it\/wp-json\/wp\/v2\/pages\/2052\/revisions\/4686"}],"wp:attachment":[{"href":"https:\/\/shotshotshot.com\/it\/wp-json\/wp\/v2\/media?parent=2052"}],"curies":[{"name":"wp","href":"https:\/\/api.w.org\/{rel}","templated":true}]}}